{"id":2240,"date":"2014-08-18T02:33:59","date_gmt":"2014-08-18T02:33:59","guid":{"rendered":"http:\/\/www.waterwaygmbh.de\/?page_id=2240"},"modified":"2015-08-17T06:54:02","modified_gmt":"2015-08-17T06:54:02","slug":"sicherheitswarmetauscher","status":"publish","type":"page","link":"https:\/\/www.waterwaygmbh.com\/de\/produkte\/warmetauscher\/sicherheitswarmetauscher\/","title":{"rendered":"Sicherheitsw\u00e4rmetauscher"},"content":{"rendered":"<div class=\"mp-row-fluid motopress-row mpce-dsbl-margin-left mpce-dsbl-margin-right\">\n<div class=\"motopress-clmn mp-span5  mpce-dsbl-margin-left mpce-dsbl-margin-right\">\n<div class=\"motopress-image-obj motopress-text-align-left\"><img decoding=\"async\" src=\"https:\/\/www.waterwaygmbh.com\/wp-content\/uploads\/2014\/08\/waermetauscher_speicher.jpg\" title=\"waermetauscher_speicher\" alt=\"waermetauscher_speicher\" class=\"motopress-image-obj-basic mpce-dsbl-margin-left mpce-dsbl-margin-right mpce-dsbl-margin-top mpce-dsbl-margin-bottom\" \/><\/div>\n<\/div>\n<div class=\"motopress-clmn mp-span6  mpce-dsbl-margin-left mpce-dsbl-margin-right\">\n<div class=\"mp-row-fluid motopress-row mpce-dsbl-margin-left mpce-dsbl-margin-right\">\n<div class=\"motopress-clmn mp-span12 mpce-dsbl-margin-left mpce-dsbl-margin-right\">\n<div class=\"motopress-text-obj\">\n<h2 style=\"text-align: left;\"><strong><span style=\"color: #2f75a8;\">Sicherheitsw\u00e4rmetauscher <\/span><\/strong><\/h2>\n<\/div>\n<\/div>\n<\/div>\n<div class=\"mp-row-fluid motopress-row mpce-dsbl-margin-left mpce-dsbl-margin-right\">\n<div class=\"motopress-clmn mp-span12 mpce-dsbl-margin-left mpce-dsbl-margin-right\">\n<div class=\"motopress-text-obj\">\n<div dir=\"ltr\" data-angle=\"0\" data-font-name=\"g_font_10_0\" data-canvas-width=\"652.0597406692506\">In wasserf\u00fchrenden Kamin\u00f6fen dienen Sicherheitsw\u00e4rmetauscher zur<\/div>\n<div dir=\"ltr\" data-angle=\"0\" data-font-name=\"g_font_10_0\" data-canvas-width=\"652.0298899211883\">einfachen und sicheren Abf\u00fchrung \u00fcberfl\u00fcssiger W\u00e4rme, welche z.B.<\/div>\n<div dir=\"ltr\" data-angle=\"0\" data-font-name=\"g_font_10_0\" data-canvas-width=\"438.6268920249939\">durch Stromausfall zu \u00dcberhitzung f\u00fchren kann.<\/div>\n<\/div>\n<\/div>\n<\/div>\n<div class=\"mp-row-fluid motopress-row mpce-dsbl-margin-left mpce-dsbl-margin-right\">\n<div class=\"motopress-clmn mp-span12 mpce-dsbl-margin-left mpce-dsbl-margin-right\">\n<div class=\"motopress-embed-obj\"><h3><a href=\"\/wp-content\/uploads\/2014\/08\/Sicherheitswaermetauscher.pdf\" target=\"_blank\" style=\"font-family: Gotham, 'Helvetica Neue', Helvetica, Arial, sans-serif; font-style: normal; font-size: 14px;\"><img decoding=\"async\" src=\"\/wp-content\/uploads\/2014\/08\/pdf-icon.png\" width=\"16px\" height=\"16px\">Sicherheitsw\u00e4rmetauscher waterway GmbH PDF<\/a><\/h3><h3><a href=\"\/wp-content\/uploads\/2014\/11\/sicherheitswaermetauscher_Beschreibung.pdf\" target=\"_blank\" style=\"font-family: Gotham, 'Helvetica Neue', Helvetica, Arial, sans-serif; font-style: normal; font-size: 14px;\"><img decoding=\"async\" src=\"\/wp-content\/uploads\/2014\/08\/pdf-icon.png\" width=\"16px\" height=\"16px\">Sicherheitsw\u00e4rmetauscher Beschreibung PDF<\/a><\/div>\n<\/div>\n<\/div>\n<div class=\"mp-row-fluid motopress-row mpce-dsbl-margin-left mpce-dsbl-margin-right\">\n<div class=\"motopress-clmn mp-span12 mpce-dsbl-margin-left mpce-dsbl-margin-right\">\n<div class=\"motopress-text-obj\">\n<div dir=\"ltr\" data-angle=\"0\" data-font-name=\"g_font_9_0\" data-canvas-width=\"252.74330249404906\"><strong>WATERWAY<\/strong> Engineering GmbH<\/div>\n<div dir=\"ltr\" data-angle=\"0\" data-font-name=\"g_font_9_0\" data-canvas-width=\"252.74330249404906\"><\/div>\n<div dir=\"ltr\" data-angle=\"0\" data-font-name=\"g_font_10_0\" data-canvas-width=\"221.13434164428713\">fertigt diese Tauscher aus flexiblen Edelstahlwell- und Spiralrohren nach Ihrer Spezifikation.<\/div>\n<\/div>\n<\/div>\n<\/div>\n<\/div>\n<div class=\"motopress-clmn mp-span1  mpce-dsbl-margin-left mpce-dsbl-margin-right motopress-empty mp-hidden-phone\">\n<\/div>\n<\/div>\n<div class=\"mp-row-fluid motopress-row mpce-dsbl-margin-left mpce-dsbl-margin-right\">\n<div class=\"motopress-clmn mp-span11  mpce-dsbl-margin-left mpce-dsbl-margin-right\">\n<div class=\"motopress-text-obj\">\n<h6 style=\"text-align: justify;\" data-canvas-width=\"28.480000000000004\">Sollte es durch einen Defekt (Heizungspumpe, Ventil, F\u00fchler\u0085) oder Stromausfall aufgrund von fehlender W\u00e4rmeabnahme zu einer \u00dcberhitzung des Kessels kommen, dann w\u00fcrde es aufgrund von Dampfbildung zu einem Anstieg des Systemdruckes und in weiterer Folge ev. zu einer (Dampf-) Explosion kommen (es sollte daher auch noch ein Sicherheitsventil im System verbaut sein!!). Um diesen gef\u00e4hrlichen Zustand (Kesseltemp max. 110\u00b0C lt EN303-5) zu vermeiden wird bei Biomassekessel gerne ein SIWT eingebaut, damit im Kessel entstehende (Brennstoff) oder gebundene\/gespeicherte Energie (Brennsystem (Gu\u00dfrost, Schamottsteine\u0085)) abgef\u00fchrt werden kann. Dazu wird, sobald diese kritische Temperatur erreicht wird, \u00fcber ein  stromunabh\u00e4ngig gesteuertes Ventil (in unserem Fall ein Kapillarrohrf\u00fchler) der im Kessel eingebaute SIWT mit Kaltwasser durchstr\u00f6mt, und solange gek\u00fchlt, bis diese kritische Temperatur wieder unterschritten ist.<\/h6>\n<h6 data-canvas-width=\"28.480000000000004\">Mitunter gibt es daf\u00fcr kesselbedingt auch andere Ausf\u00fchrungen (Bypassleitung\u0085), im kleineren Kesselbereich haben sich dazu aber die SIWT aufgrund der einfachen Installation und Kompaktheit etabliert. Die Funktion, Dimension und Position des SIWT ist folglich immer dem Kessel zugeordnet und wird bei der Typenpr\u00fcfung immer \u00fcberpr\u00fcft. Daher ist die Leistung des W\u00e4rmetauschers nicht immer das entscheidende Kriterium!<\/h6>\n<\/div>\n<\/div>\n<div class=\"motopress-clmn mp-span1  mpce-dsbl-margin-left mpce-dsbl-margin-right motopress-empty mp-hidden-phone\">\n<\/div>\n<\/div>\n","protected":false},"excerpt":{"rendered":"","protected":false},"author":1,"featured_media":0,"parent":2202,"menu_order":1,"comment_status":"closed","ping_status":"closed","template":"page-fullwidth.php","meta":{"footnotes":""},"class_list":["post-2240","page","type-page","status-publish","hentry"],"_links":{"self":[{"href":"https:\/\/www.waterwaygmbh.com\/en\/wp-json\/wp\/v2\/pages\/2240","targetHints":{"allow":["GET"]}}],"collection":[{"href":"https:\/\/www.waterwaygmbh.com\/en\/wp-json\/wp\/v2\/pages"}],"about":[{"href":"https:\/\/www.waterwaygmbh.com\/en\/wp-json\/wp\/v2\/types\/page"}],"author":[{"embeddable":true,"href":"https:\/\/www.waterwaygmbh.com\/en\/wp-json\/wp\/v2\/users\/1"}],"replies":[{"embeddable":true,"href":"https:\/\/www.waterwaygmbh.com\/en\/wp-json\/wp\/v2\/comments?post=2240"}],"version-history":[{"count":25,"href":"https:\/\/www.waterwaygmbh.com\/en\/wp-json\/wp\/v2\/pages\/2240\/revisions"}],"predecessor-version":[{"id":3457,"href":"https:\/\/www.waterwaygmbh.com\/en\/wp-json\/wp\/v2\/pages\/2240\/revisions\/3457"}],"up":[{"embeddable":true,"href":"https:\/\/www.waterwaygmbh.com\/en\/wp-json\/wp\/v2\/pages\/2202"}],"wp:attachment":[{"href":"https:\/\/www.waterwaygmbh.com\/en\/wp-json\/wp\/v2\/media?parent=2240"}],"curies":[{"name":"wp","href":"https:\/\/api.w.org\/{rel}","templated":true}]}}