{"id":2233,"date":"2014-08-18T02:28:19","date_gmt":"2014-08-18T02:28:19","guid":{"rendered":"http:\/\/www.waterwaygmbh.de\/?page_id=2233"},"modified":"2020-03-16T22:09:28","modified_gmt":"2020-03-16T22:09:28","slug":"wellrohr-edelstahl-verschraubungen","status":"publish","type":"page","link":"https:\/\/www.waterwaygmbh.com\/de\/spiral-und-wellrohre\/wellrohr-edelstahl-verschraubungen\/","title":{"rendered":"Wellrohr &#038; Verschraubungen"},"content":{"rendered":"<div class=\"mp-row-fluid motopress-row mpce-dsbl-margin-left mpce-dsbl-margin-right\">\n<div class=\"motopress-clmn mp-span12  mpce-dsbl-margin-left mpce-dsbl-margin-right\">\n<div class=\"motopress-image-obj motopress-text-align-left\"><img decoding=\"async\" src=\"https:\/\/www.waterwaygmbh.com\/wp-content\/uploads\/2014\/08\/prod_wellrohre.jpg\" title=\"prod_wellrohre\" alt=\"prod_wellrohre\" class=\"motopress-image-obj-basic mpce-dsbl-margin-left mpce-dsbl-margin-right mpce-dsbl-margin-top mpce-dsbl-margin-bottom\" \/><\/div>\n<\/div>\n<\/div>\n<div class=\"mp-row-fluid motopress-row mpce-dsbl-margin-left mpce-dsbl-margin-right\">\n<div class=\"motopress-clmn mp-span12  mpce-dsbl-margin-left mpce-dsbl-margin-right\">\n<div class=\"motopress-text-obj prod_title\">\n<h2>Wellrohr und Verschraubungen Edelstahl<\/h2>\n<\/div>\n<\/div>\n<\/div>\n<div class=\"mp-row-fluid motopress-row mpce-dsbl-margin-left mpce-dsbl-margin-right\">\n<div class=\"motopress-clmn mp-span9  mpce-dsbl-margin-left mpce-dsbl-margin-right\">\n<div class=\"motopress-code-obj motopress-margin-top-25 motopress-margin-bottom-15\">\n<p><span style=\"font-size: 24px;\"><strong><span style=\"color: #256f9e;\">WATER<\/span><span style=\"color: #808080;\">WAY<\/span><\/strong><\/span> <strong>Das flexible Edelstahl Wellrohrsystem<br \/>\n<\/strong><\/p>\n<p style=\"padding-left: 30px; text-align: justify;\">Unser flexibles Edelstahl Wellrohrsystem ist hochinteressant und findet wegen seiner hohen physikalischen, mechanischen<br \/>\nund thermischen Belastbarkeit breite Anwendung:<\/p>\n<ul>\n<li style=\"list-style-type: none;\">\n<ul>\n<li>Solartechnik (Hochtemperaturdichtung, komplett mit Einfachisolierung oder Doppelisolierung mit Steuerkabel)<\/li>\n<li>Kalt- und Warmwasser<\/li>\n<li>sonstige Fluide<\/li>\n<li>Reparaturrohr<\/li>\n<li>Dampf \/ Begleitheizung<\/li>\n<li>Kesselanbindungen<\/li>\n<li>W\u00e4rmetauscher<\/li>\n<\/ul>\n<\/li>\n<\/ul>\n<p style=\"padding-left: 30px; text-align: justify;\">Es handelt sich um ein l\u00e4ngsgeschwei\u00dftes Wellrohr aus V4A-Stahl (Edelstahl), das <strong>ohne Sonderwerkzeuge <\/strong> verarbeitet wird.<\/p>\n<p style=\"padding-left: 30px; text-align: justify;\">Die Verarbeitung ist absolut einfach, wodurch <strong>erhebliche Montagezeiten und Kosten reduziert<\/strong> werden. Das Rohr wird mit entsprechenden Verschraubungen in 4 verschiedenen Gr\u00f6\u00dfen von DN12 bis DN25 hergestellt.<\/p>\n<p style=\"padding-left: 30px; text-align: justify;\">Die Verbindung zu Armaturen, Ger\u00e4ten und Rohrleitungsanschl\u00fcssen, etc., wird mittels \u00dcberwurfmutter und St\u00fctzung ausgef\u00fchrt.<\/p>\n<p style=\"padding-left: 30px; text-align: justify;\">Marktg\u00e4ngige Materialien wie z.B. Rohrformst\u00fccke, Befestigungs- oder D\u00e4mmmaterial lassen sich unproblematisch mit dem Rohrsystem verarbeiten.<\/p>\n<p style=\"padding-left: 30px; text-align: justify;\">Die Handelsform ist Rollenware zu je 5,25 und 100 Meter.<\/p>\n<p style=\"padding-left: 30px; text-align: justify;\">Vorteilhaft f\u00fcr Transport und Lagerung ist die geringe Abmessung einer Rohrrolle und das leichte Gewicht, gemessen an Kupferrohr.<\/p>\n<p style=\"padding-left: 30px; text-align: justify;\">Auf Wunsch k\u00f6nnen auch Rohrl\u00e4ngen konfektioniert werden.<\/p>\n<\/div>\n<\/div>\n<div class=\"motopress-clmn mp-span3  mpce-dsbl-margin-left mpce-dsbl-margin-right\">\n<div class=\"mp-row-fluid motopress-row mpce-dsbl-margin-left mpce-dsbl-margin-right\">\n<div class=\"motopress-clmn mp-span12 mpce-dsbl-margin-left mpce-dsbl-margin-right\">\n<div class=\"motopress-embed-obj boxes_right\"><h3><a href=\"http:\/\/www.waterwaygmbh.com\/wp-content\/uploads\/2014\/08\/Montageanleitung-WR.pdf\" target=\"_blank\" style=\"font-family: Gotham, 'Helvetica Neue', Helvetica, Arial, sans-serif; font-style: normal; font-size: 11px;\"><img decoding=\"async\" src=\"https:\/\/www.stine.uni-hamburg.de\/gfx\/uhh\/icons\/pdf-icon.png\" width=\"16px\" height=\"16px\"> Wellrohr Edelstahl Montageanleitung PDF<\/a><\/h3><\/div>\n<\/div>\n<\/div>\n<div class=\"mp-row-fluid motopress-row mpce-dsbl-margin-left mpce-dsbl-margin-right\">\n<div class=\"motopress-clmn mp-span12 mpce-dsbl-margin-left mpce-dsbl-margin-right\">\n<div class=\"motopress-wp_custommenu boxes_right\"><\/div>\n<\/div>\n<\/div>\n<\/div>\n<\/div>\n<div class=\"mp-row-fluid motopress-row mpce-dsbl-margin-left mpce-dsbl-margin-right\">\n<div class=\"motopress-clmn mp-span1  mpce-dsbl-margin-left mpce-dsbl-margin-right  motopress-empty mp-hidden-phone\">\n<\/div>\n<div class=\"motopress-clmn mp-span4  mpce-dsbl-margin-left mpce-dsbl-margin-right\">\n<div class=\"motopress-text-obj\">\n<table border=\"1\" cellspacing=\"0\">\n<tbody>\n<tr valign=\"TOP\">\n<td bgcolor=\"#256f9e\" width=\"190\"><span style=\"color: #ffffff; font-size: 14px;\"><strong>Artikelnummer<\/strong><\/span><\/td>\n<td bgcolor=\"#256f9e\" width=\"191\"><span style=\"color: #ffffff; font-size: 14px;\"><strong>Gr&ouml;&szlig;e<\/strong><\/span><\/td>\n<\/tr>\n<tr valign=\"TOP\">\n<td width=\"190\" height=\"10\"><span style=\"font-size: 14px;\">ww2010<strong>xx<\/strong><\/span><\/td>\n<td width=\"191\"><span style=\"font-size: 14px;\">DN10 - R 3\/8\"<\/span><\/td>\n<\/tr>\n<tr valign=\"TOP\">\n<td width=\"190\" height=\"10\"><span style=\"font-size: 14px;\">ww2020<strong>xx<\/strong><\/span><\/td>\n<td width=\"191\"><span style=\"font-size: 14px;\">DN12 - R &frac12;\"<\/span><\/td>\n<\/tr>\n<tr valign=\"TOP\">\n<td width=\"190\" height=\"10\"><span style=\"font-size: 14px;\">ww2030<strong>xx<\/strong><\/span><\/td>\n<td width=\"191\"><span style=\"font-size: 14px;\">DN16 - R &frac34;\"<\/span><\/td>\n<\/tr>\n<tr valign=\"TOP\">\n<td width=\"190\" height=\"10\"><span style=\"font-size: 14px;\">ww2040<strong>xx<\/strong><\/span><\/td>\n<td width=\"191\"><span style=\"font-size: 14px;\">DN20 - R 1\"<\/span><\/td>\n<\/tr>\n<tr valign=\"TOP\">\n<td width=\"190\" height=\"10\"><span style=\"font-size: 14px;\">ww2050<strong>xx<\/strong><\/span><\/td>\n<td width=\"191\"><span style=\"font-size: 14px;\">DN25 - R 1 &frac14;\"<\/span><\/td>\n<\/tr>\n<tr valign=\"TOP\">\n<td width=\"190\" height=\"9\"><span style=\"font-size: 14px;\">ww2060<strong>xx<\/strong><\/span><\/td>\n<td width=\"191\"><span style=\"font-size: 14px;\">DN32 - R 1 &frac12;\"<\/span><\/td>\n<\/tr>\n<\/tbody>\n<\/table>\n<\/div>\n<\/div>\n<div class=\"motopress-clmn mp-span4  mpce-dsbl-margin-left mpce-dsbl-margin-right\">\n<div class=\"motopress-text-obj\">\n<h3 style=\"text-align: left; padding-left: 30px;\"><span style=\"text-decoration: underline;\"><span style=\"font-size: 18px;\"><strong>Vorteile von Edelstalwellrohr<br \/>\n<\/strong><\/span><\/span><\/h3>\n<p style=\"padding-left: 60px;\"><span style=\"font-size: 14px;\">Das Edelstahlwellrohr ist spannungsfrei gegl\u00fcht, hat eine hohe Formstabilit\u00e4t nach dem Biegen und eine lange Lebensdauer<\/span><\/p>\n<\/div>\n<\/div>\n<div class=\"motopress-clmn mp-span3  mpce-dsbl-margin-left mpce-dsbl-margin-right  motopress-empty mp-hidden-phone\">\n<\/div>\n<\/div>\n<div class=\"mp-row-fluid motopress-row mpce-dsbl-margin-left mpce-dsbl-margin-right\">\n<div class=\"motopress-clmn mp-span4  mpce-dsbl-margin-left mpce-dsbl-margin-right\">\n<div class=\"motopress-text-obj motopress-margin-top-20 motopress-margin-left-100\">\n<p><strong>xx= 05m,10m, 15m, 20m, 25m 30m,...,50m<\/strong><\/p>\n<p><strong>(Auf Anfrage auch andere L\u00e4ngen m\u00f6glich)<\/strong><\/p>\n<\/div>\n<\/div>\n<div class=\"motopress-clmn mp-span8  mpce-dsbl-margin-left mpce-dsbl-margin-right  motopress-empty mp-hidden-phone\">\n<\/div>\n<\/div>\n<div class=\"mp-row-fluid motopress-row mpce-dsbl-margin-left mpce-dsbl-margin-right\">\n<div class=\"motopress-clmn mp-span9  mpce-dsbl-margin-left mpce-dsbl-margin-right\">\n<div class=\"motopress-text-obj prod_title\">\n<h2>Wellrohr Verschraubungen<\/h2>\n<\/div>\n<\/div>\n<div class=\"motopress-clmn mp-span3  mpce-dsbl-margin-left mpce-dsbl-margin-right  motopress-empty mp-hidden-phone\">\n<\/div>\n<\/div>\n<div class=\"mp-row-fluid motopress-row mpce-dsbl-margin-left mpce-dsbl-margin-right\">\n<div class=\"motopress-clmn mp-span3  mpce-dsbl-margin-left mpce-dsbl-margin-right\">\n<div class=\"motopress-image-obj motopress-text-align-left\"><img decoding=\"async\" src=\"https:\/\/www.waterwaygmbh.com\/wp-content\/uploads\/2014\/08\/uberwurfm-dichtung.jpg\" title=\"uberwurfm-dichtung\" alt=\"uberwurfm-dichtung\" class=\"motopress-image-obj-basic mpce-dsbl-margin-left mpce-dsbl-margin-right mpce-dsbl-margin-top mpce-dsbl-margin-bottom\" \/><\/div>\n<\/div>\n<div class=\"motopress-clmn mp-span6  mpce-dsbl-margin-left mpce-dsbl-margin-right\">\n<div class=\"mp-row-fluid motopress-row mpce-dsbl-margin-left mpce-dsbl-margin-right\">\n<div class=\"motopress-clmn mp-span12 mpce-dsbl-margin-left mpce-dsbl-margin-right\">\n<div class=\"motopress-text-obj\">\n<h5><strong>\u00dcberwurfmutter mit St\u00fctzring und Dichtung<br \/>\n<\/strong><\/h5>\n<\/div>\n<\/div>\n<\/div>\n<div class=\"mp-row-fluid motopress-row mpce-dsbl-margin-left mpce-dsbl-margin-right\">\n<div class=\"motopress-clmn mp-span12 mpce-dsbl-margin-left mpce-dsbl-margin-right\">\n<div class=\"motopress-text-obj\">\n<table border=\"1\" cellspacing=\"0\">\n<tbody>\n<tr valign=\"TOP\">\n<td bgcolor=\"#256f9e\" width=\"190\"><span style=\"color: #ffffff;\"><strong>A<span style=\"font-size: 14px;\">rtikelnr<\/span><\/strong><\/span><\/td>\n<td bgcolor=\"#256f9e\" width=\"191\"><span style=\"color: #ffffff; font-size: 14px;\"><strong>Gr&ouml;&szlig;e<\/strong><\/span><\/td>\n<td bgcolor=\"#256f9e\" width=\"191\"><span style=\"color: #ffffff; font-size: 14px;\"><strong>Packung<\/strong><\/span><\/td>\n<\/tr>\n<tr valign=\"TOP\">\n<td width=\"190\" height=\"10\"><span style=\"font-size: 14px;\">ww020010<\/span><\/td>\n<td width=\"191\"><span style=\"font-size: 14px;\">3\/8\"&nbsp;(DN10)<\/span><\/td>\n<td width=\"191\"><span style=\"font-size: 14px;\">4<\/span><\/td>\n<\/tr>\n<tr valign=\"TOP\">\n<td width=\"190\" height=\"10\"><span style=\"font-size: 14px;\">ww020020<\/span><\/td>\n<td width=\"191\"><span style=\"font-size: 14px;\">&frac12;\"&nbsp;(DN12)<\/span><\/td>\n<td width=\"191\"><span style=\"font-size: 14px;\">4<\/span><\/td>\n<\/tr>\n<tr valign=\"TOP\">\n<td width=\"190\" height=\"10\"><span style=\"font-size: 14px;\">ww020030<\/span><\/td>\n<td width=\"191\"><span style=\"font-size: 14px;\">&frac34;\"&nbsp;(DN16)<\/span><\/td>\n<td width=\"191\"><span style=\"font-size: 14px;\">4<\/span><\/td>\n<\/tr>\n<tr valign=\"TOP\">\n<td width=\"190\" height=\"10\"><span style=\"font-size: 14px;\">ww020040<\/span><\/td>\n<td width=\"191\"><span style=\"font-size: 14px;\">1\"&nbsp;(DN20)<\/span><\/td>\n<td width=\"191\"><span style=\"font-size: 14px;\">4<\/span><\/td>\n<\/tr>\n<tr valign=\"TOP\">\n<td width=\"190\" height=\"10\"><span style=\"font-size: 14px;\">ww020050<\/span><\/td>\n<td width=\"191\"><span style=\"font-size: 14px;\">1 &frac14;\"&nbsp;(DN25)<\/span><\/td>\n<td width=\"191\"><span style=\"font-size: 14px;\">4<\/span><\/td>\n<\/tr>\n<\/tbody>\n<\/table>\n<\/div>\n<\/div>\n<\/div>\n<div class=\"mp-row-fluid motopress-row mpce-dsbl-margin-left mpce-dsbl-margin-right\">\n<div class=\"motopress-clmn mp-span12 mpce-dsbl-margin-left mpce-dsbl-margin-right\">\n<div class=\"motopress-text-obj\">\n<p>Auch in Edelstahl verf\u00fcgbar (auf Anfrage)<\/p>\n<\/div>\n<\/div>\n<\/div>\n<\/div>\n<div class=\"motopress-clmn mp-span3  mpce-dsbl-margin-left mpce-dsbl-margin-right  motopress-empty mp-hidden-phone\">\n<\/div>\n<\/div>\n<div class=\"mp-row-fluid motopress-row mpce-dsbl-margin-left mpce-dsbl-margin-right\">\n<div class=\"motopress-clmn mp-span9  mpce-dsbl-margin-left mpce-dsbl-margin-right\">\n<div class=\"mp-row-fluid motopress-row mpce-dsbl-margin-left mpce-dsbl-margin-right\">\n<div class=\"motopress-clmn mp-span4 mpce-dsbl-margin-left mpce-dsbl-margin-right  motopress-empty mp-hidden-phone\">\n<\/div>\n<div class=\"motopress-clmn mp-span8 mpce-dsbl-margin-left mpce-dsbl-margin-right\">\n<div class=\"motopress-text-obj\">\n<h5><strong>Doppelnippel Au\u00dfengewinde, flachdichtend<\/strong><\/h5>\n<\/div>\n<\/div>\n<\/div>\n<div class=\"mp-row-fluid motopress-row mpce-dsbl-margin-left mpce-dsbl-margin-right\">\n<div class=\"motopress-clmn mp-span4 mpce-dsbl-margin-left mpce-dsbl-margin-right\">\n<div class=\"motopress-image-obj motopress-text-align-left\"><img decoding=\"async\" src=\"https:\/\/www.waterwaygmbh.com\/wp-content\/uploads\/2014\/08\/doppelnippel_au\u00dfengew1.jpg\" title=\"doppelnippel_au\u00dfengew\" alt=\"doppelnippel_au\u00dfengew\" class=\"motopress-image-obj-basic mpce-dsbl-margin-left mpce-dsbl-margin-right mpce-dsbl-margin-top mpce-dsbl-margin-bottom\" \/><\/div>\n<\/div>\n<div class=\"motopress-clmn mp-span8 mpce-dsbl-margin-left mpce-dsbl-margin-right\">\n<div class=\"motopress-text-obj\">\n<table style=\"height: 118px;\" border=\"1\" width=\"575\" cellspacing=\"0\">\n<tbody>\n<tr valign=\"TOP\">\n<td bgcolor=\"#256f9e\" width=\"190\"><span style=\"color: #ffffff; font-size: 14px;\"><strong>Artikelnr<\/strong><\/span><\/td>\n<td bgcolor=\"#256f9e\" width=\"191\"><span style=\"color: #ffffff; font-size: 14px;\"><strong>Gr&ouml;&szlig;e<\/strong><\/span><\/td>\n<td bgcolor=\"#256f9e\" width=\"191\"><span style=\"color: #ffffff; font-size: 14px;\"><strong>Packung<\/strong><\/span><\/td>\n<\/tr>\n<tr valign=\"TOP\">\n<td width=\"190\" height=\"10\"><span style=\"font-size: 14px;\">ww021010<\/span><\/td>\n<td width=\"191\"><span style=\"font-size: 14px;\">3\/8\"&nbsp;X 3\/8\"<\/span><\/td>\n<td width=\"191\"><span style=\"font-size: 14px;\">5<\/span><\/td>\n<\/tr>\n<tr valign=\"TOP\">\n<td width=\"190\" height=\"10\"><span style=\"font-size: 14px;\">ww021011<\/span><\/td>\n<td width=\"191\"><span style=\"font-size: 14px;\">&frac12;\"&nbsp;x &frac12;\"<\/span><\/td>\n<td width=\"191\"><span style=\"font-size: 14px;\">5<\/span><\/td>\n<\/tr>\n<tr valign=\"TOP\">\n<td width=\"190\" height=\"10\"><span style=\"font-size: 14px;\">ww021013<\/span><\/td>\n<td width=\"191\"><span style=\"font-size: 14px;\">&frac34;\"&nbsp;x &frac34;\"<\/span><\/td>\n<td width=\"191\"><span style=\"font-size: 14px;\">5<\/span><\/td>\n<\/tr>\n<tr valign=\"TOP\">\n<td width=\"190\" height=\"10\"><span style=\"font-size: 14px;\">ww021015<\/span><\/td>\n<td width=\"191\"><span style=\"font-size: 14px;\">1\"&nbsp;- 1\"<\/span><\/td>\n<td width=\"191\"><span style=\"font-size: 14px;\">5<\/span><\/td>\n<\/tr>\n<tr valign=\"TOP\">\n<td width=\"190\" height=\"10\"><span style=\"font-size: 14px;\">ww021016<\/span><\/td>\n<td width=\"191\"><span style=\"font-size: 14px;\">1 &frac14;\"&nbsp;- 1 &frac14;\"<\/span><\/td>\n<td width=\"191\"><span style=\"font-size: 14px;\">5<\/span><\/td>\n<\/tr>\n<\/tbody>\n<\/table>\n<\/div>\n<\/div>\n<\/div>\n<div class=\"mp-row-fluid motopress-row mpce-dsbl-margin-left mpce-dsbl-margin-right motopress-margin-top-20\">\n<div class=\"motopress-clmn mp-span12 mpce-dsbl-margin-left mpce-dsbl-margin-right  motopress-space\" style=\"min-height: 40px;\">\n<div class=\"motopress-space-obj mpce-dsbl-background-image-type mpce-dsbl-background-image mpce-dsbl-background-gradient mpce-dsbl-background-position mpce-dsbl-background-position-x mpce-dsbl-background-position-y mpce-dsbl-background-repeat mpce-dsbl-background-size mpce-dsbl-background-attachment mpce-dsbl-margin-left mpce-dsbl-margin-right mpce-dsbl-background-color mpce-dsbl-border-top-width mpce-dsbl-border-bottom-width mpce-dsbl-border-left-width mpce-dsbl-border-right-width mpce-dsbl-border-top-left-radius mpce-dsbl-border-top-right-radius mpce-dsbl-border-bottom-left-radius mpce-dsbl-border-bottom-right-radius mpce-dsbl-border-style mpce-dsbl-border-color mpce-dsbl-padding-left mpce-dsbl-padding-right mpce-dsbl-margin-top mpce-dsbl-margin-bottom mpce-dsbl-color\"  data-min-height=\"0\"><div><\/div><\/div>\n<\/div>\n<\/div>\n<div class=\"mp-row-fluid motopress-row mpce-dsbl-margin-left mpce-dsbl-margin-right\">\n<div class=\"motopress-clmn mp-span4 mpce-dsbl-margin-left mpce-dsbl-margin-right\">\n<div class=\"motopress-image-obj motopress-text-align-left\"><img decoding=\"async\" src=\"https:\/\/www.waterwaygmbh.com\/wp-content\/uploads\/2014\/08\/doppelnippel_au\u00dfengew11.jpg\" title=\"doppelnippel_au\u00dfengew1\" alt=\"doppelnippel_au\u00dfengew1\" class=\"motopress-image-obj-basic mpce-dsbl-margin-left mpce-dsbl-margin-right mpce-dsbl-margin-top mpce-dsbl-margin-bottom\" \/><\/div>\n<\/div>\n<div class=\"motopress-clmn mp-span8 mpce-dsbl-margin-left mpce-dsbl-margin-right\">\n<div class=\"motopress-text-obj\">\n<table style=\"height: 133px;\" border=\"1\" width=\"574\" cellspacing=\"1\">\n<tbody>\n<tr valign=\"TOP\">\n<td bgcolor=\"#256f9e\" width=\"190\"><span style=\"color: #ffffff; font-size: 14px;\"><strong>Artikelnr<\/strong><\/span><\/td>\n<td bgcolor=\"#256f9e\" width=\"191\"><span style=\"color: #ffffff; font-size: 14px;\"><strong>Gr&ouml;&szlig;e<\/strong><\/span><\/td>\n<td bgcolor=\"#256f9e\" width=\"191\"><span style=\"color: #ffffff; font-size: 14px;\"><strong>Packung<\/strong><\/span><\/td>\n<\/tr>\n<tr valign=\"TOP\">\n<td width=\"190\" height=\"10\"><span style=\"font-size: 14px;\">ww021018<\/span><\/td>\n<td width=\"191\"><span style=\"font-size: 14px;\">3\/8\"&nbsp;- &frac12;\"<\/span><\/td>\n<td width=\"191\"><span style=\"font-size: 14px;\">5<\/span><\/td>\n<\/tr>\n<tr valign=\"TOP\">\n<td width=\"190\" height=\"10\"><span style=\"font-size: 14px;\">ww012020<\/span><\/td>\n<td width=\"191\"><span style=\"font-size: 14px;\">&frac12;\"&nbsp;- &frac34;\"<\/span><\/td>\n<td width=\"191\"><span style=\"font-size: 14px;\">5<\/span><\/td>\n<\/tr>\n<tr valign=\"TOP\">\n<td width=\"190\" height=\"10\"><span style=\"font-size: 14px;\">ww012070<\/span><\/td>\n<td width=\"191\"><span style=\"font-size: 14px;\">&frac12;\"&nbsp;- 1\"<\/span><\/td>\n<td width=\"191\"><span style=\"font-size: 14px;\">5<\/span><\/td>\n<\/tr>\n<tr valign=\"TOP\">\n<td width=\"190\" height=\"10\"><span style=\"font-size: 14px;\">ww012040<\/span><\/td>\n<td width=\"191\"><span style=\"font-size: 14px;\">&frac34;\"&nbsp;- 1\"<\/span><\/td>\n<td width=\"191\"><span style=\"font-size: 14px;\">5<\/span><\/td>\n<\/tr>\n<tr valign=\"TOP\">\n<td width=\"190\" height=\"10\"><span style=\"font-size: 14px;\">ww012050<\/span><\/td>\n<td width=\"191\"><span style=\"font-size: 14px;\">1\"&nbsp;- 1 &frac14;\"<\/span><\/td>\n<td width=\"191\"><span style=\"font-size: 14px;\">5<\/span><\/td>\n<\/tr>\n<tr valign=\"TOP\">\n<td width=\"190\" height=\"10\"><span style=\"font-size: 14px;\">ww208883<\/span><\/td>\n<td width=\"191\"><span style=\"font-size: 14px;\">1 &frac14;\"&nbsp;- &frac12;\"<\/span><\/td>\n<td width=\"191\"><span style=\"font-size: 13px;\">5<\/span><\/td>\n<\/tr>\n<\/tbody>\n<\/table>\n<\/div>\n<\/div>\n<\/div>\n<\/div>\n<div class=\"motopress-clmn mp-span3  mpce-dsbl-margin-left mpce-dsbl-margin-right  motopress-empty mp-hidden-phone\">\n<\/div>\n<\/div>\n","protected":false},"excerpt":{"rendered":"Wellrohr und Verschraubungen Edelstahl WATERWAY Das flexible Edelstahl Wellrohrsystem Unser flexibles Edelstahl Wellrohrsystem ist hochinteressant und findet wegen seiner hohen physikalischen, mechanischen und thermischen Belastbarkeit breite Anwendung: Solartechnik (Hochtemperaturdichtung, komplett mit Einfachisolierung oder Doppelisolierung mit Steuerkabel) Kalt- und Warmwasser sonstige Fluide Reparaturrohr Dampf \/ Begleitheizung Kesselanbindungen W\u00e4rmetauscher Es handelt sich um ein l\u00e4ngsgeschwei\u00dftes Wellrohr aus V4A-Stahl (Edelstahl), das ohne Sonderwerkzeuge&nbsp;<a href=\"https:\/\/www.waterwaygmbh.com\/de\/spiral-und-wellrohre\/wellrohr-edelstahl-verschraubungen\/\" class=\"read-more\">Continue Reading<\/a>","protected":false},"author":1,"featured_media":0,"parent":2160,"menu_order":0,"comment_status":"closed","ping_status":"closed","template":"page-fullwidth.php","meta":{"footnotes":""},"class_list":["post-2233","page","type-page","status-publish","hentry"],"_links":{"self":[{"href":"https:\/\/www.waterwaygmbh.com\/en\/wp-json\/wp\/v2\/pages\/2233","targetHints":{"allow":["GET"]}}],"collection":[{"href":"https:\/\/www.waterwaygmbh.com\/en\/wp-json\/wp\/v2\/pages"}],"about":[{"href":"https:\/\/www.waterwaygmbh.com\/en\/wp-json\/wp\/v2\/types\/page"}],"author":[{"embeddable":true,"href":"https:\/\/www.waterwaygmbh.com\/en\/wp-json\/wp\/v2\/users\/1"}],"replies":[{"embeddable":true,"href":"https:\/\/www.waterwaygmbh.com\/en\/wp-json\/wp\/v2\/comments?post=2233"}],"version-history":[{"count":32,"href":"https:\/\/www.waterwaygmbh.com\/en\/wp-json\/wp\/v2\/pages\/2233\/revisions"}],"predecessor-version":[{"id":3576,"href":"https:\/\/www.waterwaygmbh.com\/en\/wp-json\/wp\/v2\/pages\/2233\/revisions\/3576"}],"up":[{"embeddable":true,"href":"https:\/\/www.waterwaygmbh.com\/en\/wp-json\/wp\/v2\/pages\/2160"}],"wp:attachment":[{"href":"https:\/\/www.waterwaygmbh.com\/en\/wp-json\/wp\/v2\/media?parent=2233"}],"curies":[{"name":"wp","href":"https:\/\/api.w.org\/{rel}","templated":true}]}}