{"id":2206,"date":"2014-08-18T00:47:38","date_gmt":"2014-08-18T00:47:38","guid":{"rendered":"http:\/\/www.waterwaygmbh.de\/?page_id=2206"},"modified":"2023-11-02T17:03:19","modified_gmt":"2023-11-02T17:03:19","slug":"solarsysteme","status":"publish","type":"page","link":"https:\/\/www.waterwaygmbh.com\/de\/produkte\/solarsysteme\/","title":{"rendered":"Solarsysteme"},"content":{"rendered":"<div class=\"mp-row-fluid motopress-row mpce-dsbl-margin-left mpce-dsbl-margin-right\">\n<div class=\"motopress-clmn mp-span12  mpce-dsbl-margin-left mpce-dsbl-margin-right\">\n<div class=\"motopress-image-obj motopress-text-align-left\"><img decoding=\"async\" src=\"https:\/\/www.waterwaygmbh.com\/wp-content\/uploads\/2014\/08\/solar_startbild.jpg\" title=\"solar_startbild\" alt=\"solar_startbild\" class=\"motopress-image-obj-basic mpce-prvt-2206-6543d59d9fed8 mpce-dsbl-margin-left mpce-dsbl-margin-right mpce-dsbl-margin-top mpce-dsbl-margin-bottom\" \/><\/div>\n<\/div>\n<\/div>\n<div class=\"mp-row-fluid motopress-row mpce-dsbl-margin-left mpce-dsbl-margin-right\">\n<div class=\"motopress-clmn mp-span12  mpce-dsbl-margin-left mpce-dsbl-margin-right\">\n<div class=\"mp-row-fluid motopress-row mpce-dsbl-margin-left mpce-dsbl-margin-right motopress-margin-top-50\">\n<div class=\"motopress-clmn mp-span3 mpce-dsbl-margin-left mpce-dsbl-margin-right\">\n<div class=\"motopress-image-obj motopress-text-align-left\"><img decoding=\"async\" src=\"https:\/\/www.waterwaygmbh.com\/wp-content\/uploads\/2014\/08\/solarshema.jpg\" title=\"solarshema\" alt=\"solarshema\" class=\"motopress-image-obj-basic mpce-dsbl-margin-left mpce-dsbl-margin-right mpce-dsbl-margin-top mpce-dsbl-margin-bottom\" \/><\/div>\n<\/div>\n<div class=\"motopress-clmn mp-span5 mpce-dsbl-margin-left mpce-dsbl-margin-right\">\n<div class=\"motopress-text-obj motopress-margin-top-20 motopress-margin-left-10 motopress-margin-right-20\">\n<h4 class=\"western\">1 Hochselektiv-kollektoren<\/h4>\n<h4 class=\"western\">2 Speicher<\/h4>\n<h4 class=\"western\">3 Pumpenstation<\/h4>\n<h4 class=\"western\">4 Ausdehnungsgef\u00e4\u00df<\/h4>\n<h4 class=\"western\">5 Solarregelung<\/h4>\n<h4 class=\"western\">6 Frischwasserzulauf<\/h4>\n<h4 class=\"western\">7 Brauchwassezugang<\/h4>\n<\/div>\n<\/div>\n<div class=\"motopress-clmn mp-span4 mpce-dsbl-margin-left mpce-dsbl-margin-right\">\n<div class=\"motopress-text-obj motopress-margin-top-20 motopress-margin-bottom-10 motopress-margin-right-20\">\n<h4 class=\"western\">8 Vorlaufleitung<\/h4>\n<h4 class=\"western\">9 R\u00fccklaufleitung<\/h4>\n<h4 class=\"western\">10 W\u00e4rmetauscher (Solar)<\/h4>\n<h4 class=\"western\">11 W\u00e4rmetauscher (Heizung)<\/h4>\n<h4 class=\"western\">12 Sicherheitsentil mit Manometer<\/h4>\n<h4 class=\"western\">13 Auffanggef\u00e4\u00df<\/h4>\n<\/div>\n<\/div>\n<\/div>\n<div class=\"mp-row-fluid motopress-row mpce-dsbl-margin-left mpce-dsbl-margin-right\">\n<div class=\"motopress-clmn mp-span12 mpce-dsbl-margin-left mpce-dsbl-margin-right  motopress-space\" style=\"min-height: 20px;\">\n<div class=\"motopress-space-obj mpce-dsbl-background-image-type mpce-dsbl-background-image mpce-dsbl-background-gradient mpce-dsbl-background-position mpce-dsbl-background-position-x mpce-dsbl-background-position-y mpce-dsbl-background-repeat mpce-dsbl-background-size mpce-dsbl-background-attachment mpce-dsbl-margin-left mpce-dsbl-margin-right mpce-dsbl-background-color mpce-dsbl-border-top-width mpce-dsbl-border-bottom-width mpce-dsbl-border-left-width mpce-dsbl-border-right-width mpce-dsbl-border-top-left-radius mpce-dsbl-border-top-right-radius mpce-dsbl-border-bottom-left-radius mpce-dsbl-border-bottom-right-radius mpce-dsbl-border-style mpce-dsbl-border-color mpce-dsbl-padding-left mpce-dsbl-padding-right mpce-dsbl-margin-top mpce-dsbl-margin-bottom mpce-dsbl-color\"  data-min-height=\"0\"><div><\/div><\/div>\n<\/div>\n<\/div>\n<div class=\"mp-row-fluid motopress-row mpce-dsbl-margin-left mpce-dsbl-margin-right\">\n<div class=\"motopress-clmn mp-span12 mpce-dsbl-margin-left mpce-dsbl-margin-right\">\n<div class=\"motopress-text-obj\">\n<h2 class=\"western\">Problemlose und sichere Verbindung vom Kollektor zum Speicher mit WATERWAY Twinway\/Oneway (Solarrohr Edelstahl)<\/h2>\n<h2 class=\"western\"><\/h2>\n<h2 class=\"western\">Das flexible Rohrsystem<\/h2>\n<p><span style=\"font-size: 14px;\">Ein flexibles Edelstahlspiral- oder Wellrohr ist als Vor- und R\u00fccklauf in einer witterungsbest\u00e4ndigen, UV-stabilen und PVC-freien D\u00e4mmh\u00fclle untergebracht. Diese sorgt f\u00fcr eine durchg\u00e4ngige Temperaturbest\u00e4ndigkeit. Eine Silikon-F\u00fchlerleitung f\u00fcr den Temperatursensor ist bereits integriert.<\/span><\/p>\n<p><span style=\"font-size: 14px;\">Durch das endlos zu verlegende, komplette Rohrsystem ergibt sich eine schnelle und einfache Handhabung.<\/span><\/p>\n<\/div>\n<\/div>\n<\/div>\n<\/div>\n<\/div>\n<div class=\"mp-row-fluid motopress-row mpce-dsbl-margin-left mpce-dsbl-margin-right\">\n<div class=\"motopress-clmn mp-span3  mpce-dsbl-margin-left mpce-dsbl-margin-right\">\n<div class=\"mp-row-fluid motopress-row mpce-dsbl-margin-left mpce-dsbl-margin-right\">\n<div class=\"motopress-clmn mp-span12 mpce-dsbl-margin-left mpce-dsbl-margin-right\">\n<p><a href=\"\/produkte\/solarsysteme\/twinway-split-spiralrohr\/\"><div class=\"motopress-image-obj motopress-text-align-left\"><img decoding=\"async\" src=\"https:\/\/www.waterwaygmbh.com\/wp-content\/uploads\/2014\/08\/solar-twinway-split-spiralrohr.jpg\" title=\"solar-twinway-split-spiralrohr\" alt=\"solar-twinway-split-spiralrohr\" class=\"motopress-image-obj-basic mpce-dsbl-margin-left mpce-dsbl-margin-right mpce-dsbl-margin-top mpce-dsbl-margin-bottom\" \/><\/div> <\/a><\/p>\n<\/div>\n<\/div>\n<div class=\"mp-row-fluid motopress-row mpce-dsbl-margin-left mpce-dsbl-margin-right\">\n<div class=\"motopress-clmn mp-span12 mpce-dsbl-margin-left mpce-dsbl-margin-right\">\n<div class=\"motopress-text-obj\">\n<p align=\"CENTER\"><a href=\"https:\/\/www.waterwaygmbh.com\/produkte\/solarsysteme\/twinway-split-spiralrohr\/\"><span style=\"color: #2f75a8;\"><span style=\"font-size: large;\">Solar Twinway - Split (Spiralrohr)<\/span><\/span><\/a><\/p>\n<\/div>\n<\/div>\n<\/div>\n<\/div>\n<div class=\"motopress-clmn mp-span3  mpce-dsbl-margin-left mpce-dsbl-margin-right\">\n<div class=\"mp-row-fluid motopress-row mpce-dsbl-margin-left mpce-dsbl-margin-right\">\n<div class=\"motopress-clmn mp-span12 mpce-dsbl-margin-left mpce-dsbl-margin-right\">\n<p><a href=\"\/produkte\/solarsysteme\/twinway-split-wellschlauch\/\"><br \/><div class=\"motopress-image-obj motopress-text-align-left\"><img decoding=\"async\" src=\"https:\/\/www.waterwaygmbh.com\/wp-content\/uploads\/2014\/08\/solar-twinway-split-wellschlauch.jpg\" title=\"solar-twinway-split-wellschlauch\" alt=\"solar-twinway-split-wellschlauch\" class=\"motopress-image-obj-basic mpce-dsbl-margin-left mpce-dsbl-margin-right mpce-dsbl-margin-top mpce-dsbl-margin-bottom\" \/><\/div> <\/a><\/p>\n<\/div>\n<\/div>\n<div class=\"mp-row-fluid motopress-row mpce-dsbl-margin-left mpce-dsbl-margin-right\">\n<div class=\"motopress-clmn mp-span12 mpce-dsbl-margin-left mpce-dsbl-margin-right\">\n<div class=\"motopress-text-obj\">\n<p align=\"CENTER\"><a href=\"https:\/\/www.waterwaygmbh.com\/produkte\/solarsysteme\/twinway-split-wellschlauch\/\"><span style=\"color: #2f75a8;\"><span style=\"font-size: large;\">Solar Twinway - Split (Wellschlauch)<\/span><\/span><\/a><\/p>\n<\/div>\n<\/div>\n<\/div>\n<\/div>\n<div class=\"motopress-clmn mp-span3  mpce-dsbl-margin-left mpce-dsbl-margin-right\">\n<div class=\"mp-row-fluid motopress-row mpce-dsbl-margin-left mpce-dsbl-margin-right\">\n<div class=\"motopress-clmn mp-span12 mpce-dsbl-margin-left mpce-dsbl-margin-right\">\n<p><a href=\"\/produkte\/solarsysteme\/oneway-spiralrohr\/\"><br \/><div class=\"motopress-image-obj motopress-text-align-left\"><img decoding=\"async\" src=\"https:\/\/www.waterwaygmbh.com\/wp-content\/uploads\/2014\/08\/solar_oneway_spiralrohr.jpg\" title=\"solar_oneway_spiralrohr\" alt=\"solar_oneway_spiralrohr\" class=\"motopress-image-obj-basic mpce-dsbl-margin-left mpce-dsbl-margin-right mpce-dsbl-margin-top mpce-dsbl-margin-bottom\" \/><\/div> <\/a><\/p>\n<\/div>\n<\/div>\n<div class=\"mp-row-fluid motopress-row mpce-dsbl-margin-left mpce-dsbl-margin-right\">\n<div class=\"motopress-clmn mp-span12 mpce-dsbl-margin-left mpce-dsbl-margin-right\">\n<div class=\"motopress-text-obj\">\n<p align=\"CENTER\"><a href=\"https:\/\/www.waterwaygmbh.com\/produkte\/solarsysteme\/oneway-spiralrohr\/\"><span style=\"color: #2f75a8;\"><span style=\"font-size: large;\">Solar Oneway (Spiralrohr)<\/span><\/span><\/a><\/p>\n<\/div>\n<\/div>\n<\/div>\n<\/div>\n<div class=\"motopress-clmn mp-span3  mpce-dsbl-margin-left mpce-dsbl-margin-right\">\n<div class=\"mp-row-fluid motopress-row mpce-dsbl-margin-left mpce-dsbl-margin-right\">\n<div class=\"motopress-clmn mp-span12 mpce-dsbl-margin-left mpce-dsbl-margin-right\">\n<p><a href=\"\/produkte\/solarsysteme\/oneway-wellschlauch\/\"><br \/><div class=\"motopress-image-obj motopress-text-align-left\"><img decoding=\"async\" src=\"https:\/\/www.waterwaygmbh.com\/wp-content\/uploads\/2014\/08\/solar_oneway_wellschlauch.jpg\" title=\"solar_oneway_wellschlauch\" alt=\"solar_oneway_wellschlauch\" class=\"motopress-image-obj-basic mpce-dsbl-margin-left mpce-dsbl-margin-right mpce-dsbl-margin-top mpce-dsbl-margin-bottom\" \/><\/div> <\/a><\/p>\n<\/div>\n<\/div>\n<div class=\"mp-row-fluid motopress-row mpce-dsbl-margin-left mpce-dsbl-margin-right\">\n<div class=\"motopress-clmn mp-span12 mpce-dsbl-margin-left mpce-dsbl-margin-right\">\n<div class=\"motopress-text-obj\">\n<p align=\"CENTER\"><a href=\"https:\/\/www.waterwaygmbh.com\/produkte\/solarsysteme\/oneway-wellschlauch\/\"><span style=\"color: #2f75a8;\"><span style=\"font-size: large;\">Solar Oneway (Wellschlauch)<\/span><\/span><\/a><\/p>\n<\/div>\n<\/div>\n<\/div>\n<\/div>\n<\/div>\n<div class=\"mp-row-fluid motopress-row mpce-dsbl-margin-left mpce-dsbl-margin-right\">\n<div class=\"motopress-clmn mp-span3  mpce-dsbl-margin-left mpce-dsbl-margin-right\">\n<p><a href=\"\/produkte\/solarsysteme\/twinway-kupfer\/\"\"><br \/><div class=\"motopress-image-obj motopress-text-align-left\"><img decoding=\"async\" src=\"https:\/\/www.waterwaygmbh.com\/wp-content\/uploads\/2014\/08\/solar-twinway-kupfer-split2.jpg\" title=\"solar-twinway-kupfer-split2\" alt=\"solar-twinway-kupfer-split2\" class=\"motopress-image-obj-basic mpce-dsbl-margin-left mpce-dsbl-margin-right mpce-dsbl-margin-top mpce-dsbl-margin-bottom\" \/><\/div> <\/a><\/p>\n<\/div>\n<div class=\"motopress-clmn mp-span9  mpce-dsbl-margin-left mpce-dsbl-margin-right  motopress-empty mp-hidden-phone\">\n<\/div>\n<\/div>\n<div class=\"mp-row-fluid motopress-row mpce-dsbl-margin-left mpce-dsbl-margin-right\">\n<div class=\"motopress-clmn mp-span3  mpce-dsbl-margin-left mpce-dsbl-margin-right\">\n<div class=\"motopress-text-obj\">\n<p align=\"CENTER\"><a href=\"https:\/\/www.waterwaygmbh.com\/produkte\/solarsysteme\/twinway-kupfer\/\"><span style=\"color: #2f75a8;\"><span style=\"font-size: large;\">Solar Twinway Kupfer\u00a0 Split<\/span><\/span><\/a><\/p>\n<\/div>\n<\/div>\n<div class=\"motopress-clmn mp-span9  mpce-dsbl-margin-left mpce-dsbl-margin-right  motopress-empty mp-hidden-phone\">\n<\/div>\n<\/div>\n<div class=\"mp-row-fluid motopress-row mpce-dsbl-margin-left mpce-dsbl-margin-right\">\n<div class=\"motopress-clmn mp-span12  mpce-dsbl-margin-left mpce-dsbl-margin-right  motopress-empty mp-hidden-phone\">\n<\/div>\n<\/div>\n","protected":false},"excerpt":{"rendered":"1 Hochselektiv-kollektoren 2 Speicher 3 Pumpenstation 4 Ausdehnungsgef\u00e4\u00df 5 Solarregelung 6 Frischwasserzulauf 7 Brauchwassezugang 8 Vorlaufleitung 9 R\u00fccklaufleitung 10 W\u00e4rmetauscher (Solar) 11 W\u00e4rmetauscher (Heizung) 12 Sicherheitsentil mit Manometer 13 Auffanggef\u00e4\u00df Problemlose und sichere Verbindung vom Kollektor zum Speicher mit WATERWAY Twinway\/Oneway (Solarrohr Edelstahl) Das flexible Rohrsystem Ein flexibles Edelstahlspiral- oder Wellrohr ist als Vor- und R\u00fccklauf in einer witterungsbest\u00e4ndigen, UV-stabilen&nbsp;<a href=\"https:\/\/www.waterwaygmbh.com\/de\/produkte\/solarsysteme\/\" class=\"read-more\">Continue Reading<\/a>","protected":false},"author":1,"featured_media":0,"parent":2051,"menu_order":0,"comment_status":"closed","ping_status":"closed","template":"page-fullwidth.php","meta":{"footnotes":""},"class_list":["post-2206","page","type-page","status-publish","hentry"],"_links":{"self":[{"href":"https:\/\/www.waterwaygmbh.com\/en\/wp-json\/wp\/v2\/pages\/2206","targetHints":{"allow":["GET"]}}],"collection":[{"href":"https:\/\/www.waterwaygmbh.com\/en\/wp-json\/wp\/v2\/pages"}],"about":[{"href":"https:\/\/www.waterwaygmbh.com\/en\/wp-json\/wp\/v2\/types\/page"}],"author":[{"embeddable":true,"href":"https:\/\/www.waterwaygmbh.com\/en\/wp-json\/wp\/v2\/users\/1"}],"replies":[{"embeddable":true,"href":"https:\/\/www.waterwaygmbh.com\/en\/wp-json\/wp\/v2\/comments?post=2206"}],"version-history":[{"count":36,"href":"https:\/\/www.waterwaygmbh.com\/en\/wp-json\/wp\/v2\/pages\/2206\/revisions"}],"predecessor-version":[{"id":3659,"href":"https:\/\/www.waterwaygmbh.com\/en\/wp-json\/wp\/v2\/pages\/2206\/revisions\/3659"}],"up":[{"embeddable":true,"href":"https:\/\/www.waterwaygmbh.com\/en\/wp-json\/wp\/v2\/pages\/2051"}],"wp:attachment":[{"href":"https:\/\/www.waterwaygmbh.com\/en\/wp-json\/wp\/v2\/media?parent=2206"}],"curies":[{"name":"wp","href":"https:\/\/api.w.org\/{rel}","templated":true}]}}