{"id":2051,"date":"2014-08-15T10:15:47","date_gmt":"2014-08-15T10:15:47","guid":{"rendered":"http:\/\/www.waterwaygmbh.com\/?page_id=2051"},"modified":"2023-11-19T19:02:42","modified_gmt":"2023-11-19T19:02:42","slug":"produkte","status":"publish","type":"page","link":"https:\/\/www.waterwaygmbh.com\/de\/produkte\/","title":{"rendered":"Produkte"},"content":{"rendered":"<div class=\"mp-row-fluid motopress-row mpce-dsbl-margin-left mpce-dsbl-margin-right\">\n<div class=\"motopress-clmn mp-span12  mpce-dsbl-margin-left mpce-dsbl-margin-right\">\n<div class=\"mp-row-fluid motopress-row mpce-dsbl-margin-left mpce-dsbl-margin-right\">\n<div class=\"motopress-clmn mp-span3 mpce-dsbl-margin-left mpce-dsbl-margin-right\">\n<div class=\"motopress-code-obj motopress-margin-right-25\">\n<p><a title=\"Spiralrohr & Verschraubungen\" href=\"\/spiral-und-wellrohre\/spiralrohr-verschraubungen\/\"><br \/>\n<div class=\"motopress-image-obj motopress-text-align-left\"><img decoding=\"async\" src=\"https:\/\/www.waterwaygmbh.com\/wp-content\/uploads\/2014\/08\/spiralrohr_varianten.jpg\" title=\"spiralrohr_varianten\" alt=\"spiralrohr_varianten\" class=\"motopress-image-obj-basic mpce-dsbl-margin-left mpce-dsbl-margin-right mpce-dsbl-margin-top mpce-dsbl-margin-bottom\" \/><\/div>\n<\/a><\/p>\n<\/div>\n<\/div>\n<div class=\"motopress-clmn mp-span3 mpce-dsbl-margin-left mpce-dsbl-margin-right\">\n<div class=\"motopress-image-obj motopress-text-align-center motopress-margin-top-20 motopress-margin-bottom-20 motopress-margin-left-20 motopress-margin-right-25\"><a href=\"https:\/\/www.waterwaygmbh.com\/products\/warmepumpensysteme\/\" target=\"_self\"><img decoding=\"async\" src=\"https:\/\/www.waterwaygmbh.com\/wp-content\/uploads\/2023\/11\/waermepumpe_produktbild_mit.jpg\" title=\"waermepumpe_produktbild_mit\" alt=\"waermepumpe_produktbild_mit\" class=\"motopress-image-obj-basic mpce-dsbl-margin-left mpce-dsbl-margin-right mpce-dsbl-margin-top mpce-dsbl-margin-bottom\" \/><\/a><\/div>\n<\/div>\n<div class=\"motopress-clmn mp-span3 mpce-dsbl-margin-left mpce-dsbl-margin-right\">\n<div class=\"motopress-code-obj motopress-margin-right-25\">\n<p><a title=\"Wellschlauch & Verschraubungen\" href=\"\/spiral-und-wellrohre\/wellschlauch-verschraubungen\/\"><br \/>\n<div class=\"motopress-image-obj motopress-text-align-left\"><img decoding=\"async\" src=\"https:\/\/www.waterwaygmbh.com\/wp-content\/uploads\/2014\/08\/wellschlauch_pn6-10-018mm1.jpg\" title=\"wellschlauch_pn6-10-0,18mm\" alt=\"wellschlauch_pn6-10-0,18mm\" class=\"motopress-image-obj-basic mpce-dsbl-margin-left mpce-dsbl-margin-right mpce-dsbl-margin-top mpce-dsbl-margin-bottom\" \/><\/div>\n<\/a><\/p>\n<\/div>\n<\/div>\n<div class=\"motopress-clmn mp-span3 mpce-dsbl-margin-left mpce-dsbl-margin-right\">\n<div class=\"motopress-code-obj motopress-margin-right-25\">\n<p><a title=\"W\u00e4rmetauscher\" href=\"\/produkte\/warmetauscher\/\"><br \/>\n<div class=\"motopress-image-obj motopress-text-align-left\"><img decoding=\"async\" src=\"https:\/\/www.waterwaygmbh.com\/wp-content\/uploads\/2014\/08\/warmetauscher.jpg\" title=\"warmetauscher\" alt=\"warmetauscher\" class=\"motopress-image-obj-basic mpce-dsbl-margin-left mpce-dsbl-margin-right mpce-dsbl-margin-top mpce-dsbl-margin-bottom\" \/><\/div>\n<\/a><\/p>\n<\/div>\n<\/div>\n<\/div>\n<div class=\"mp-row-fluid motopress-row mpce-dsbl-margin-left mpce-dsbl-margin-right\">\n<div class=\"motopress-clmn mp-span3 mpce-dsbl-margin-left mpce-dsbl-margin-right\">\n<div class=\"motopress-text-obj motopress-margin-right-25\">\n<p style=\"text-align: center;\"><span style=\"font-size: 16px;\"><a title=\"Spiralrohr & Verschraubungen\" href=\"\/spiral-und-wellrohre\/spiralrohr-verschraubungen\/\"><strong>Spiralrohre & Verschraubungen<\/strong><\/a><\/span><\/p>\n<\/div>\n<\/div>\n<div class=\"motopress-clmn mp-span3 mpce-dsbl-margin-left mpce-dsbl-margin-right\">\n<div class=\"motopress-text-obj motopress-margin-right-25\">\n<p style=\"text-align: center;\"><span style=\"font-size: 16px;\"><a title=\"Wellrohr &amp; Verschraubungen\" href=\"https:\/\/www.waterwaygmbh.com\/products\/warmepumpensysteme\/\"><strong>W&auml;rmepumpensysteme<\/strong><\/a><\/span><\/p>\n<\/div>\n<\/div>\n<div class=\"motopress-clmn mp-span3 mpce-dsbl-margin-left mpce-dsbl-margin-right\">\n<div class=\"motopress-text-obj motopress-margin-right-25\">\n<p style=\"text-align: center;\"><span style=\"font-size: 16px;\"><a title=\"Wellschlauch & Verschraubungen\" href=\"\/spiral-und-wellrohre\/wellschlauch-verschraubungen\/\"><strong>Wellschl\u00e4uche & Verschraubungen<\/strong><\/a><\/span><\/p>\n<\/div>\n<\/div>\n<div class=\"motopress-clmn mp-span3 mpce-dsbl-margin-left mpce-dsbl-margin-right\">\n<div class=\"motopress-text-obj motopress-margin-right-25\">\n<p style=\"text-align: center;\"><span style=\"font-size: 16px;\"><a title=\"W\u00e4rmetauscher\" href=\"\/produkte\/warmetauscher\/\"><strong>W\u00e4rmetauscher<\/strong><\/a><\/span><\/p>\n<\/div>\n<\/div>\n<\/div>\n<div class=\"mp-row-fluid motopress-row mpce-dsbl-margin-left mpce-dsbl-margin-right\">\n<div class=\"motopress-clmn mp-span12 mpce-dsbl-margin-left mpce-dsbl-margin-right  motopress-space\" style=\"min-height: 60px;\">\n<div class=\"motopress-space-obj mpce-dsbl-background-image-type mpce-dsbl-background-image mpce-dsbl-background-gradient mpce-dsbl-background-position mpce-dsbl-background-position-x mpce-dsbl-background-position-y mpce-dsbl-background-repeat mpce-dsbl-background-size mpce-dsbl-background-attachment mpce-dsbl-margin-left mpce-dsbl-margin-right mpce-dsbl-background-color mpce-dsbl-border-top-width mpce-dsbl-border-bottom-width mpce-dsbl-border-left-width mpce-dsbl-border-right-width mpce-dsbl-border-top-left-radius mpce-dsbl-border-top-right-radius mpce-dsbl-border-bottom-left-radius mpce-dsbl-border-bottom-right-radius mpce-dsbl-border-style mpce-dsbl-border-color mpce-dsbl-padding-left mpce-dsbl-padding-right mpce-dsbl-margin-top mpce-dsbl-margin-bottom mpce-dsbl-color motopress-margin-right-25\"  data-min-height=\"0\"><div><\/div><\/div>\n<\/div>\n<\/div>\n<div class=\"mp-row-fluid motopress-row mpce-dsbl-margin-left mpce-dsbl-margin-right\">\n<div class=\"motopress-clmn mp-span3 mpce-dsbl-margin-left mpce-dsbl-margin-right\">\n<div class=\"motopress-code-obj motopress-margin-right-25\">\n<p><a title=\"Flexible Verbindungen\" href=\"\/produkte\/flexible-verbindungen\/\"><br \/>\n<div class=\"motopress-image-obj motopress-text-align-left\"><img decoding=\"async\" src=\"https:\/\/www.waterwaygmbh.com\/wp-content\/uploads\/2014\/08\/flexible_verbindungen1.jpg\" title=\"flexible_verbindungen\" alt=\"flexible_verbindungen\" class=\"motopress-image-obj-basic mpce-dsbl-margin-left mpce-dsbl-margin-right mpce-dsbl-margin-top mpce-dsbl-margin-bottom\" \/><\/div>\n<\/a><\/p>\n<\/div>\n<\/div>\n<div class=\"motopress-clmn mp-span3 mpce-dsbl-margin-left mpce-dsbl-margin-right\">\n<div class=\"motopress-code-obj motopress-margin-right-25\">\n<p><a title=\"Solarsysteme\" href=\"\/produkte\/solarsysteme\/\"><br \/>\n<div class=\"motopress-image-obj motopress-text-align-left\"><img decoding=\"async\" src=\"https:\/\/www.waterwaygmbh.com\/wp-content\/uploads\/2014\/08\/solarsystem.jpg\" title=\"solarsystem\" alt=\"solarsystem\" class=\"motopress-image-obj-basic mpce-dsbl-margin-left mpce-dsbl-margin-right mpce-dsbl-margin-top mpce-dsbl-margin-bottom\" \/><\/div>\n<\/a><\/p>\n<\/div>\n<\/div>\n<div class=\"motopress-clmn mp-span3 mpce-dsbl-margin-left mpce-dsbl-margin-right\">\n<div class=\"motopress-code-obj motopress-margin-right-25\">\n<p><a title=\"Zubeh\u00f6r\" href=\"\/produkte\/flexible-verbindungen\/zubehor\/\"><br \/>\n<div class=\"motopress-image-obj motopress-text-align-left\"><img decoding=\"async\" src=\"https:\/\/www.waterwaygmbh.com\/wp-content\/uploads\/2014\/08\/zubehoer_1.jpg\" title=\"zubehoer_1\" alt=\"zubehoer_1\" class=\"motopress-image-obj-basic mpce-dsbl-margin-left mpce-dsbl-margin-right mpce-dsbl-margin-top mpce-dsbl-margin-bottom\" \/><\/div>\n<\/a><\/p>\n<\/div>\n<\/div>\n<div class=\"motopress-clmn mp-span3 mpce-dsbl-margin-left mpce-dsbl-margin-right\">\n<div class=\"motopress-code-obj motopress-margin-right-25\">\n<p><a href=\"\/produkte\/anfrageformular\/\"><br \/>\n<div class=\"motopress-image-obj motopress-text-align-left\"><img decoding=\"async\" src=\"https:\/\/www.waterwaygmbh.com\/wp-content\/uploads\/2014\/08\/anfrage21.jpg\" title=\"anfrage2\" alt=\"anfrage2\" class=\"motopress-image-obj-basic mpce-dsbl-margin-left mpce-dsbl-margin-right mpce-dsbl-margin-top mpce-dsbl-margin-bottom\" \/><\/div>\n<\/a><\/p>\n<\/div>\n<\/div>\n<\/div>\n<div class=\"mp-row-fluid motopress-row mpce-dsbl-margin-left mpce-dsbl-margin-right\">\n<div class=\"motopress-clmn mp-span3 mpce-dsbl-margin-left mpce-dsbl-margin-right\">\n<div class=\"motopress-text-obj\">\n<p style=\"text-align: center;\"><span style=\"font-size: 16px;\"><a title=\"Flexible Verbindungen\" href=\"\/produkte\/flexible-verbindungen\/\"><strong>Flexible Verbindungen<\/strong><\/a><\/span><\/p>\n<\/div>\n<\/div>\n<div class=\"motopress-clmn mp-span3 mpce-dsbl-margin-left mpce-dsbl-margin-right\">\n<div class=\"motopress-text-obj\">\n<p style=\"text-align: center;\"><span style=\"font-size: 16px;\"><a title=\"Solarsysteme\" href=\"\/produkte\/solarsysteme\/\"><strong>Solarleitungen<\/strong><\/a><\/span><\/p>\n<\/div>\n<\/div>\n<div class=\"motopress-clmn mp-span3 mpce-dsbl-margin-left mpce-dsbl-margin-right\">\n<div class=\"motopress-text-obj\">\n<p style=\"text-align: center;\"><span style=\"font-size: 16px;\"><a title=\"Zubeh\u00f6r\" href=\"\/produkte\/flexible-verbindungen\/zubehor\/\"><strong>Zubeh\u00f6r<\/strong><\/a><\/span><\/p>\n<\/div>\n<\/div>\n<div class=\"motopress-clmn mp-span3 mpce-dsbl-margin-left mpce-dsbl-margin-right\">\n<div class=\"motopress-text-obj\">\n<p style=\"text-align: center;\"><a href=\"\/produkte\/anfrageformular\/\"><strong><span style=\"font-size: 16px;\">Anbindeleitungen auf Anfrage<\/span><\/strong><\/a><\/p>\n<\/div>\n<\/div>\n<\/div>\n<\/div>\n<\/div>\n","protected":false},"excerpt":{"rendered":"Spiralrohre &#038; Verschraubungen W&auml;rmepumpensysteme Wellschl\u00e4uche &#038; Verschraubungen W\u00e4rmetauscher Flexible Verbindungen Solarleitungen Zubeh\u00f6r Anbindeleitungen auf Anfrage","protected":false},"author":1,"featured_media":0,"parent":0,"menu_order":0,"comment_status":"closed","ping_status":"closed","template":"page-fullwidth.php","meta":{"footnotes":""},"class_list":["post-2051","page","type-page","status-publish","hentry"],"_links":{"self":[{"href":"https:\/\/www.waterwaygmbh.com\/en\/wp-json\/wp\/v2\/pages\/2051","targetHints":{"allow":["GET"]}}],"collection":[{"href":"https:\/\/www.waterwaygmbh.com\/en\/wp-json\/wp\/v2\/pages"}],"about":[{"href":"https:\/\/www.waterwaygmbh.com\/en\/wp-json\/wp\/v2\/types\/page"}],"author":[{"embeddable":true,"href":"https:\/\/www.waterwaygmbh.com\/en\/wp-json\/wp\/v2\/users\/1"}],"replies":[{"embeddable":true,"href":"https:\/\/www.waterwaygmbh.com\/en\/wp-json\/wp\/v2\/comments?post=2051"}],"version-history":[{"count":60,"href":"https:\/\/www.waterwaygmbh.com\/en\/wp-json\/wp\/v2\/pages\/2051\/revisions"}],"predecessor-version":[{"id":3744,"href":"https:\/\/www.waterwaygmbh.com\/en\/wp-json\/wp\/v2\/pages\/2051\/revisions\/3744"}],"wp:attachment":[{"href":"https:\/\/www.waterwaygmbh.com\/en\/wp-json\/wp\/v2\/media?parent=2051"}],"curies":[{"name":"wp","href":"https:\/\/api.w.org\/{rel}","templated":true}]}}