{"id":2041,"date":"2014-08-15T07:28:27","date_gmt":"2014-08-15T07:28:27","guid":{"rendered":"http:\/\/www.waterwaygmbh.de\/?page_id=2041"},"modified":"2024-02-29T08:19:07","modified_gmt":"2024-02-29T08:19:07","slug":"unternehmen","status":"publish","type":"page","link":"https:\/\/www.waterwaygmbh.com\/de\/unternehmen\/","title":{"rendered":"Unternehmen"},"content":{"rendered":"<div class=\"mp-row-fluid motopress-row mpce-dsbl-margin-left mpce-dsbl-margin-right\">\n<div class=\"motopress-clmn mp-span9  mpce-dsbl-margin-left mpce-dsbl-margin-right\">\n<div class=\"mp-row-fluid motopress-row mpce-dsbl-margin-left mpce-dsbl-margin-right\">\n<div class=\"motopress-clmn mp-span12 mpce-dsbl-margin-left mpce-dsbl-margin-right\">\n<div class=\"motopress-image-obj motopress-text-align-left\"><img decoding=\"async\" src=\"https:\/\/www.waterwaygmbh.com\/wp-content\/uploads\/2014\/08\/unternehmen.jpg\" title=\"unternehmen\" alt=\"unternehmen\" class=\"motopress-image-obj-basic mpce-dsbl-margin-left mpce-dsbl-margin-right mpce-dsbl-margin-top mpce-dsbl-margin-bottom\" \/><\/div>\n<\/div>\n<\/div>\n<div class=\"mp-row-fluid motopress-row mpce-dsbl-margin-left mpce-dsbl-margin-right\">\n<div class=\"motopress-clmn mp-span12 mpce-dsbl-margin-left mpce-dsbl-margin-right\">\n<div class=\"motopress-text-obj\">\n<p><span style=\"font-size: 18px;\"><span style=\"color: #3366ff;\">WATER<\/span> WAY Engineering GmbH - Spezialisten fluidtechnischer Komponenten<\/span><\/p>\n<\/div>\n<\/div>\n<\/div>\n<div class=\"mp-row-fluid motopress-row mpce-dsbl-margin-left mpce-dsbl-margin-right\">\n<div class=\"motopress-clmn mp-span11 mpce-dsbl-margin-left mpce-dsbl-margin-right\">\n<div class=\"motopress-text-obj\">\n<p>In einem dynamischen Marktumfeld, in dem die Nachfrage nach zuverl\u00e4ssigen fluidtechnischen Komponenten stetig w\u00e4chst, setzt unser Unternehmen Ma\u00dfst\u00e4be durch sein herausragendes Angebot an flexiblen Edelstahlrohren und der vollumf\u00e4nglichen Kundenberatung.<\/p>\n<p>Unsere Produkte der Marke <strong>WATERWAY\u00ae <\/strong>zeichnen sich durch ihre bemerkenswerte physikalische, mechanische und thermische Belastbarkeit aus und finden daher in einer Vielzahl von Anwendungen breite Verwendung, darunter in <strong>Solartechnik, W\u00e4rmetauschern, Kesselanbindungen, Dampf-\/Begleitheizungen, Kalt-\/Warmwasseranwendungen und anderen Fluideins\u00e4tzen.<\/strong><\/p>\n<p>Durch intensive Kooperationen mit Instituten der Schwei\u00df-, Werkstoff- und Verfahrenstechnik stellen wir sicher, dass unsere Produkte h\u00f6chsten Qualit\u00e4tsstandards entsprechen und kontinuierlich f\u00fcr zuk\u00fcnftige Anwendungen weiterentwickelt werden.<\/p>\n<p>Unser Team und unsere Produkte stehen f\u00fcr innovative L\u00f6sungen, die auf die individuellen Anforderungen unserer Kunden zugeschnitten sind.<\/p>\n<\/div>\n<\/div>\n<div class=\"motopress-clmn mp-span1 mpce-dsbl-margin-left mpce-dsbl-margin-right motopress-empty mp-hidden-phone\">\n<\/div>\n<\/div>\n<\/div>\n<div class=\"motopress-clmn mp-span3  mpce-dsbl-margin-left mpce-dsbl-margin-right\">\n<div class=\"motopress-wp_custommenu motopress-margin-right-20\"><\/div>\n<\/div>\n<\/div>\n","protected":false},"excerpt":{"rendered":"","protected":false},"author":1,"featured_media":0,"parent":0,"menu_order":0,"comment_status":"closed","ping_status":"closed","template":"page-fullwidth.php","meta":{"footnotes":""},"class_list":["post-2041","page","type-page","status-publish","hentry"],"_links":{"self":[{"href":"https:\/\/www.waterwaygmbh.com\/en\/wp-json\/wp\/v2\/pages\/2041","targetHints":{"allow":["GET"]}}],"collection":[{"href":"https:\/\/www.waterwaygmbh.com\/en\/wp-json\/wp\/v2\/pages"}],"about":[{"href":"https:\/\/www.waterwaygmbh.com\/en\/wp-json\/wp\/v2\/types\/page"}],"author":[{"embeddable":true,"href":"https:\/\/www.waterwaygmbh.com\/en\/wp-json\/wp\/v2\/users\/1"}],"replies":[{"embeddable":true,"href":"https:\/\/www.waterwaygmbh.com\/en\/wp-json\/wp\/v2\/comments?post=2041"}],"version-history":[{"count":9,"href":"https:\/\/www.waterwaygmbh.com\/en\/wp-json\/wp\/v2\/pages\/2041\/revisions"}],"predecessor-version":[{"id":3805,"href":"https:\/\/www.waterwaygmbh.com\/en\/wp-json\/wp\/v2\/pages\/2041\/revisions\/3805"}],"wp:attachment":[{"href":"https:\/\/www.waterwaygmbh.com\/en\/wp-json\/wp\/v2\/media?parent=2041"}],"curies":[{"name":"wp","href":"https:\/\/api.w.org\/{rel}","templated":true}]}}