{"id":2126,"date":"2014-08-17T11:02:09","date_gmt":"2014-08-17T11:02:09","guid":{"rendered":"http:\/\/www.waterwaygmbh.de\/?page_id=2126"},"modified":"2024-07-31T07:51:25","modified_gmt":"2024-07-31T07:51:25","slug":"impressum","status":"publish","type":"page","link":"https:\/\/www.waterwaygmbh.com\/de\/impressum\/","title":{"rendered":"Impressum"},"content":{"rendered":"<div class=\"mp-row-fluid motopress-row mpce-dsbl-margin-left mpce-dsbl-margin-right\">\n<div class=\"motopress-clmn mp-span8  mpce-dsbl-margin-left mpce-dsbl-margin-right\">\n<div class=\"motopress-text-obj\">\n<div id=\"main\">\n<div>\n<h1 style=\"text-align: justify;\"><span style=\"font-size: 16px;\"><strong>Haftungsausschluss<\/strong><\/span><\/h1>\n<p style=\"text-align: justify;\"><strong>1. Inhalt des Onlineangebotes<\/strong><\/p>\n<p style=\"text-align: justify;\">Der Autor \u00fcbernimmt keinerlei Gew\u00e4hr f\u00fcr die Aktualit\u00e4t, Korrektheit, Vollst\u00e4ndigkeit oder Qualit\u00e4t der bereitgestellten Informationen. Haftungsanspr\u00fcche gegen den Autor, welche sich auf Sch\u00e4den materieller oder ideeller Art beziehen, die durch die Nutzung oder Nichtnutzung der dargebotenen Informationen bzw. durch die Nutzung fehlerhafter und unvollst\u00e4ndigen Informationen verursacht wurden, sind grunds\u00e4tzlich ausgeschlossen, sofern seitens des Autors kein nachweislich vors\u00e4tzliches oder grob fahrl\u00e4ssiges Verschulden vorliegt.<\/p>\n<p style=\"text-align: justify;\"><strong>2. Verweise und Links<\/strong><\/p>\n<p style=\"text-align: justify;\">Bei direkten oder indirekten Verweisen auf fremde Internetseiten (\u0084Links\u0093), die au\u00dferhalb des Verantwortungsbereiches des Autors liegen, w\u00fcrde eine Haftungsverpflichtung ausschlie\u00dflich in dem Falle in Kraft treten, in dem der Autor von den Inhalten Kenntnis hat und es ihm technisch m\u00f6glich und zumutbar w\u00e4re, die Nutzung im Falle rechtwidriger Inhalte zu verhindern.<\/p>\n<p style=\"text-align: justify;\">Der Autor erkl\u00e4rt daher ausdr\u00fccklich, dass zum Zeitpunkt der Linkssetzung die entsprechenden verlinkten Seiten frei von illegalen Inhalten waren. Der Autor hat keinerlei Einfluss auf die aktuelle oder zuk\u00fcnftige Gestaltung und auf die Inhalte der gelinkten\/verkn\u00fcpften Seiten. Deshalb distanziert er sich hiermit ausdr\u00fccklich von allen Inhalten der gelinkten\/verkn\u00fcpften Seiten, die nach der Linksetzung ver\u00e4ndert wurden. Diese Feststellung gilt f\u00fcr alle innerhalb des eigenen Internetangebotes gesetzten Links und Verweise sowie f\u00fcr Fremdeintr\u00e4ge in vom Autor eingerichteten G\u00e4steb\u00fcchern, Diskussionsforen und Mailinglisten. F\u00fcr illegale, fehlerhafte oder unvollst\u00e4ndige Inhalte und insbesondere f\u00fcr Sch\u00e4den, die aus der Nutzung oder Nichtnutzung solcherart dargebotenen Informationen entstehen, haftet allein der Anbieter der Seite, auf welche verwiesen wurde, nicht derjenige, der \u00fcber Links auf die jeweilige Ver\u00f6ffentlichung lediglich verweist.<\/p>\n<p style=\"text-align: justify;\"><strong>3. Urheber- und Kennzeichenrecht<\/strong><\/p>\n<p style=\"text-align: justify;\">Der Autor ist bestrebt, in allen Publikationen die Urheberrechte der verwendeten Graphiken, Tondokumente, Videosequenzen und Texte zu beachten, von ihm selbst erstellte Graphiken, Tondokumente, Videosequenzen und Texte zu nutzen oder auf lizenzfreie Graphiken, Tondokumente, Videosequenzen und Texte zur\u00fcckzugreifen.<\/p>\n<p style=\"text-align: justify;\">Alle innerhalb des Internetangebotes genannten und ggf. durch Dritte gesch\u00fctzten Marken- und Warenzeichen unterliegen uneingeschr\u00e4nkt den Bestimmungen des jeweils g\u00fcltigen Kennzeichenrechts und den Besitzrechten der jeweiligen eingetragenen Eigent\u00fcmer. Allein aufgrund der blo\u00dfen Nennung ist nicht der Schluss zu ziehen, dass Markenzeichen nicht durch Rechte Dritter gesch\u00fctzt sind!<\/p>\n<p style=\"text-align: justify;\">Das Copyright f\u00fcr ver\u00f6ffentlichte, vom Autor selbst erstellte Objekte bleibt allein beim Autor der Seiten. Eine Vervielf\u00e4ltigung oder Verwendung solcher Graphiken, Tondokumente, Videosequenzen und Texte in anderen elektronischen oder gedruckten Publikationen ist ohne ausdr\u00fcckliche Zustimmung des Autors nicht gestattet.<\/p>\n<p style=\"text-align: justify;\"><strong>4. Rechtswirksamkeit dieses Haftungsausschlusses<\/strong><\/p>\n<p style=\"text-align: justify;\">Dieser Haftungsausschluss ist als Teil des Internetangebots zu betrachten, von dem aus auf diese Seite verwiesen wurde. Sofern Teile oder einzelne Formulierungen dieses Textes der geltenden Rechtslage nicht, nicht mehr oder nicht vollst\u00e4ndig entsprechen sollten, bleiben die \u00fcbrigen Teile des Dokumentes in ihrem Inhalt und ihrer G\u00fcltigkeit davon unber\u00fchrt.<\/p>\n<\/div>\n<\/div>\n<\/div>\n<\/div>\n<div class=\"motopress-clmn mp-span4  mpce-dsbl-margin-left mpce-dsbl-margin-right\">\n<div class=\"mp-row-fluid motopress-row mpce-dsbl-margin-left mpce-dsbl-margin-right\">\n<div class=\"motopress-clmn mp-span12 mpce-dsbl-margin-left mpce-dsbl-margin-right\">\n<div class=\"motopress-image-obj motopress-text-align-left\"><img decoding=\"async\" src=\"https:\/\/www.waterwaygmbh.com\/wp-content\/uploads\/2014\/08\/logo2.jpg\" title=\"logo2\" alt=\"Das flexible Edelstahl-Installationsrohr\" class=\"motopress-image-obj-basic mpce-dsbl-margin-left mpce-dsbl-margin-right mpce-dsbl-margin-top mpce-dsbl-margin-bottom\" \/><\/div>\n<\/div>\n<\/div>\n<div class=\"mp-row-fluid motopress-row mpce-dsbl-margin-left mpce-dsbl-margin-right\">\n<div class=\"motopress-clmn mp-span12 mpce-dsbl-margin-left mpce-dsbl-margin-right\">\n<div class=\"motopress-text-obj motopress-margin-left-25\">\n<p><strong><br \/><\/strong><br \/>WATER WAY Engineering GmbH<br \/>Baerler Strasse 100<br \/>47441 Moers<\/p>\n<p><strong>Gesch&auml;ftsf&uuml;hrer:<br \/><\/strong><br \/>Frank Zielke<\/p>\n<p><strong>Registergericht:<br \/><\/strong><br \/>Amtsgericht Moers<br \/><strong>Registernummer:<br \/><\/strong><br \/>HRB 6157<br \/><strong>Umsatzsteuer-Identifikationsnummer:<br \/><\/strong><br \/>DE 813425576<\/p>\n<p>gem&auml;&szlig; &sect;27 a Umsatzsteuergesetz:<br \/><strong>Haftungshinweis<\/strong>: Trotz sorgf&auml;ltiger inhaltlicher Kontrolle &uuml;bernehmen wir keine Haftung f&uuml;r die Inhalte externer Links. F&uuml;r den Inhalt der verlinkter Seiten sind ausschlie&szlig;lich deren Betreiber verantwortlich.<\/p>\n<\/div>\n<\/div>\n<\/div>\n<\/div>\n<\/div>\n","protected":false},"excerpt":{"rendered":"Haftungsausschluss 1. Inhalt des Onlineangebotes Der Autor \u00fcbernimmt keinerlei Gew\u00e4hr f\u00fcr die Aktualit\u00e4t, Korrektheit, Vollst\u00e4ndigkeit oder Qualit\u00e4t der bereitgestellten Informationen. Haftungsanspr\u00fcche gegen den Autor, welche sich auf Sch\u00e4den materieller oder ideeller Art beziehen, die durch die Nutzung oder Nichtnutzung der dargebotenen Informationen bzw. durch die Nutzung fehlerhafter und unvollst\u00e4ndigen Informationen verursacht wurden, sind grunds\u00e4tzlich ausgeschlossen, sofern seitens des Autors kein&nbsp;<a href=\"https:\/\/www.waterwaygmbh.com\/de\/impressum\/\" class=\"read-more\">Continue Reading<\/a>","protected":false},"author":1,"featured_media":0,"parent":0,"menu_order":0,"comment_status":"closed","ping_status":"closed","template":"page-fullwidth.php","meta":{"footnotes":""},"class_list":["post-2126","page","type-page","status-publish","hentry"],"_links":{"self":[{"href":"https:\/\/www.waterwaygmbh.com\/de\/wp-json\/wp\/v2\/pages\/2126","targetHints":{"allow":["GET"]}}],"collection":[{"href":"https:\/\/www.waterwaygmbh.com\/de\/wp-json\/wp\/v2\/pages"}],"about":[{"href":"https:\/\/www.waterwaygmbh.com\/de\/wp-json\/wp\/v2\/types\/page"}],"author":[{"embeddable":true,"href":"https:\/\/www.waterwaygmbh.com\/de\/wp-json\/wp\/v2\/users\/1"}],"replies":[{"embeddable":true,"href":"https:\/\/www.waterwaygmbh.com\/de\/wp-json\/wp\/v2\/comments?post=2126"}],"version-history":[{"count":10,"href":"https:\/\/www.waterwaygmbh.com\/de\/wp-json\/wp\/v2\/pages\/2126\/revisions"}],"predecessor-version":[{"id":3863,"href":"https:\/\/www.waterwaygmbh.com\/de\/wp-json\/wp\/v2\/pages\/2126\/revisions\/3863"}],"wp:attachment":[{"href":"https:\/\/www.waterwaygmbh.com\/de\/wp-json\/wp\/v2\/media?parent=2126"}],"curies":[{"name":"wp","href":"https:\/\/api.w.org\/{rel}","templated":true}]}}